{"id":142,"date":"2024-09-21T14:55:56","date_gmt":"2024-09-21T14:55:56","guid":{"rendered":"https:\/\/luisaalemanycoach.com\/?page_id=142"},"modified":"2025-04-07T23:45:22","modified_gmt":"2025-04-07T23:45:22","slug":"about-me","status":"publish","type":"page","link":"https:\/\/luisaalemanycoach.com\/es\/about-me\/","title":{"rendered":"SOBRE MI"},"content":{"rendered":"<div data-elementor-type=\"wp-page\" data-elementor-id=\"142\" class=\"elementor elementor-142\" data-elementor-post-type=\"page\">\n\t\t\t\t<div class=\"elementor-element elementor-element-c797b4a e-flex e-con-boxed e-con e-parent\" data-id=\"c797b4a\" data-element_type=\"container\" data-e-type=\"container\" data-settings=\"{&quot;background_background&quot;:&quot;classic&quot;}\">\n\t\t\t\t\t<div class=\"e-con-inner\">\n\t\t<div class=\"elementor-element elementor-element-76e7290 e-con-full e-flex e-con e-child\" data-id=\"76e7290\" data-element_type=\"container\" data-e-type=\"container\">\n\t\t\t\t<div class=\"elementor-element elementor-element-85793c6 elementor-widget elementor-widget-heading\" data-id=\"85793c6\" data-element_type=\"widget\" data-e-type=\"widget\" data-widget_type=\"heading.default\">\n\t\t\t\t<div class=\"elementor-widget-container\">\n\t\t\t\t\t<h1 class=\"elementor-heading-title elementor-size-default\">Conoce a Luisa Alemany<\/h1>\t\t\t\t<\/div>\n\t\t\t\t<\/div>\n\t\t\t\t<div class=\"elementor-element elementor-element-b57b2db elementor-widget elementor-widget-text-editor\" data-id=\"b57b2db\" data-element_type=\"widget\" data-e-type=\"widget\" data-widget_type=\"text-editor.default\">\n\t\t\t\t<div class=\"elementor-widget-container\">\n\t\t\t\t\t\t\t\t\t<p>Coach certificada en Salud y Bienestar integral especializada en la Menopausia y Perimenopausia.<\/p>\t\t\t\t\t\t\t\t<\/div>\n\t\t\t\t<\/div>\n\t\t\t\t<\/div>\n\t\t<div class=\"elementor-element elementor-element-626745a e-con-full e-flex e-con e-child\" data-id=\"626745a\" data-element_type=\"container\" data-e-type=\"container\" data-settings=\"{&quot;background_background&quot;:&quot;classic&quot;}\">\n\t\t\t\t<div class=\"elementor-element elementor-element-6c27713 elementor-widget elementor-widget-image\" data-id=\"6c27713\" data-element_type=\"widget\" data-e-type=\"widget\" data-widget_type=\"image.default\">\n\t\t\t\t<div class=\"elementor-widget-container\">\n\t\t\t\t\t\t\t\t\t\t\t\t\t\t\t<img fetchpriority=\"high\" decoding=\"async\" width=\"781\" height=\"1024\" src=\"https:\/\/luisaalemanycoach.com\/wp-content\/uploads\/2024\/09\/61-781x1024.png\" class=\"attachment-large size-large wp-image-714\" alt=\"\" srcset=\"https:\/\/luisaalemanycoach.com\/wp-content\/uploads\/2024\/09\/61-781x1024.png 781w, https:\/\/luisaalemanycoach.com\/wp-content\/uploads\/2024\/09\/61-229x300.png 229w, https:\/\/luisaalemanycoach.com\/wp-content\/uploads\/2024\/09\/61-768x1007.png 768w, https:\/\/luisaalemanycoach.com\/wp-content\/uploads\/2024\/09\/61-1172x1536.png 1172w, https:\/\/luisaalemanycoach.com\/wp-content\/uploads\/2024\/09\/61-1562x2048.png 1562w, https:\/\/luisaalemanycoach.com\/wp-content\/uploads\/2024\/09\/61-9x12.png 9w\" sizes=\"(max-width: 781px) 100vw, 781px\" \/>\t\t\t\t\t\t\t\t\t\t\t\t\t\t\t<\/div>\n\t\t\t\t<\/div>\n\t\t\t\t<\/div>\n\t\t\t\t\t<\/div>\n\t\t\t\t<\/div>\n\t\t<div class=\"elementor-element elementor-element-ae7ea01 e-flex e-con-boxed e-con e-child\" data-id=\"ae7ea01\" data-element_type=\"container\" data-e-type=\"container\">\n\t\t\t\t\t<div class=\"e-con-inner\">\n\t\t<div class=\"elementor-element elementor-element-4cb2d7c e-con-full e-flex e-con e-child\" data-id=\"4cb2d7c\" data-element_type=\"container\" data-e-type=\"container\">\n\t\t\t\t<div class=\"elementor-element elementor-element-820f6fe elementor-widget elementor-widget-image\" data-id=\"820f6fe\" data-element_type=\"widget\" data-e-type=\"widget\" data-widget_type=\"image.default\">\n\t\t\t\t<div class=\"elementor-widget-container\">\n\t\t\t\t\t\t\t\t\t\t\t\t\t\t\t<img decoding=\"async\" width=\"3375\" height=\"4219\" src=\"https:\/\/luisaalemanycoach.com\/wp-content\/uploads\/2025\/03\/3.png\" class=\"attachment-full size-full wp-image-1072\" alt=\"\" srcset=\"https:\/\/luisaalemanycoach.com\/wp-content\/uploads\/2025\/03\/3.png 3375w, https:\/\/luisaalemanycoach.com\/wp-content\/uploads\/2025\/03\/3-240x300.png 240w, https:\/\/luisaalemanycoach.com\/wp-content\/uploads\/2025\/03\/3-819x1024.png 819w, https:\/\/luisaalemanycoach.com\/wp-content\/uploads\/2025\/03\/3-768x960.png 768w, https:\/\/luisaalemanycoach.com\/wp-content\/uploads\/2025\/03\/3-1229x1536.png 1229w, https:\/\/luisaalemanycoach.com\/wp-content\/uploads\/2025\/03\/3-1638x2048.png 1638w, https:\/\/luisaalemanycoach.com\/wp-content\/uploads\/2025\/03\/3-10x12.png 10w\" sizes=\"(max-width: 3375px) 100vw, 3375px\" \/>\t\t\t\t\t\t\t\t\t\t\t\t\t\t\t<\/div>\n\t\t\t\t<\/div>\n\t\t\t\t<\/div>\n\t\t<div class=\"elementor-element elementor-element-e5736cc e-con-full e-flex e-con e-child\" data-id=\"e5736cc\" data-element_type=\"container\" data-e-type=\"container\">\n\t\t\t\t<div class=\"elementor-element elementor-element-40f476d elementor-widget elementor-widget-heading\" data-id=\"40f476d\" data-element_type=\"widget\" data-e-type=\"widget\" data-widget_type=\"heading.default\">\n\t\t\t\t<div class=\"elementor-widget-container\">\n\t\t\t\t\t<h3 class=\"elementor-heading-title elementor-size-default\">Mi misi\u00f3n: Mejorar tu calidad de vida en la Menopausia<\/h3>\t\t\t\t<\/div>\n\t\t\t\t<\/div>\n\t\t\t\t<div class=\"elementor-element elementor-element-f406176 elementor-widget__width-initial elementor-absolute elementor-widget-laptop__width-initial elementor-widget elementor-widget-spacer\" data-id=\"f406176\" data-element_type=\"widget\" data-e-type=\"widget\" data-settings=\"{&quot;_position&quot;:&quot;absolute&quot;}\" data-widget_type=\"spacer.default\">\n\t\t\t\t<div class=\"elementor-widget-container\">\n\t\t\t\t\t\t\t<div class=\"elementor-spacer\">\n\t\t\t<div class=\"elementor-spacer-inner\"><\/div>\n\t\t<\/div>\n\t\t\t\t\t\t<\/div>\n\t\t\t\t<\/div>\n\t\t\t\t<div class=\"elementor-element elementor-element-36bb412 elementor-widget elementor-widget-text-editor\" data-id=\"36bb412\" data-element_type=\"widget\" data-e-type=\"widget\" data-widget_type=\"text-editor.default\">\n\t\t\t\t<div class=\"elementor-widget-container\">\n\t\t\t\t\t\t\t\t\t<p>Estoy aqu\u00ed para ayudarte a recuperar tu salud y bienestar durante la peri y menopausia, ofreci\u00e9ndote un apoyo cercano y personalizado.\u00a0<br \/><span style=\"font-style: inherit; font-weight: inherit; color: var( --e-global-color-text ); font-family: var( --e-global-typography-text-font-family ), Sans-serif; background-color: var(--ast-global-color-5);\"><br \/>Cada mujer vive esta etapa de forma \u00fanica, y por eso mi enfoque respeta tus necesidades individuales. Te ofrezco herramientas pr\u00e1cticas y estrategias basadas en evidencia para reconectar con tu cuerpo, restaurar el equilibrio y fortalecer tu bienestar emocional y f\u00edsico.<\/span><\/p><p>A trav\u00e9s de un coaching integral, crearemos una serie de h\u00e1bitos saludables y a adecuados a la etapa vital que est\u00e1s viviendo.<\/p>\t\t\t\t\t\t\t\t<\/div>\n\t\t\t\t<\/div>\n\t\t\t\t<\/div>\n\t\t\t\t\t<\/div>\n\t\t\t\t<\/div>\n\t\t<div class=\"elementor-element elementor-element-cff3a16 e-con-full elementor-hidden-desktop elementor-hidden-laptop elementor-hidden-tablet e-flex e-con e-child\" data-id=\"cff3a16\" data-element_type=\"container\" data-e-type=\"container\">\n\t\t\t\t<div class=\"elementor-element elementor-element-b36ae88 elementor-hidden-desktop elementor-hidden-laptop elementor-hidden-tablet elementor-hidden-mobile elementor-widget elementor-widget-image\" data-id=\"b36ae88\" data-element_type=\"widget\" data-e-type=\"widget\" data-widget_type=\"image.default\">\n\t\t\t\t<div class=\"elementor-widget-container\">\n\t\t\t\t\t\t\t\t\t\t\t\t\t\t\t<img decoding=\"async\" width=\"3105\" height=\"3881\" src=\"https:\/\/luisaalemanycoach.com\/wp-content\/uploads\/2024\/09\/36-min-1.png\" class=\"attachment-full size-full wp-image-406\" alt=\"\" srcset=\"https:\/\/luisaalemanycoach.com\/wp-content\/uploads\/2024\/09\/36-min-1.png 3105w, https:\/\/luisaalemanycoach.com\/wp-content\/uploads\/2024\/09\/36-min-1-240x300.png 240w, https:\/\/luisaalemanycoach.com\/wp-content\/uploads\/2024\/09\/36-min-1-819x1024.png 819w, https:\/\/luisaalemanycoach.com\/wp-content\/uploads\/2024\/09\/36-min-1-768x960.png 768w, https:\/\/luisaalemanycoach.com\/wp-content\/uploads\/2024\/09\/36-min-1-1229x1536.png 1229w, https:\/\/luisaalemanycoach.com\/wp-content\/uploads\/2024\/09\/36-min-1-1639x2048.png 1639w\" sizes=\"(max-width: 3105px) 100vw, 3105px\" \/>\t\t\t\t\t\t\t\t\t\t\t\t\t\t\t<\/div>\n\t\t\t\t<\/div>\n\t\t\t\t<\/div>\n\t\t<div class=\"elementor-element elementor-element-06c4bf3 e-flex e-con-boxed e-con e-child\" data-id=\"06c4bf3\" data-element_type=\"container\" data-e-type=\"container\" data-settings=\"{&quot;background_background&quot;:&quot;classic&quot;}\">\n\t\t\t\t\t<div class=\"e-con-inner\">\n\t\t<div class=\"elementor-element elementor-element-8c2aad0 e-con-full e-flex e-con e-child\" data-id=\"8c2aad0\" data-element_type=\"container\" data-e-type=\"container\">\n\t\t\t\t<div class=\"elementor-element elementor-element-6bfc982 elementor-hidden-mobile elementor-widget elementor-widget-spacer\" data-id=\"6bfc982\" data-element_type=\"widget\" data-e-type=\"widget\" data-widget_type=\"spacer.default\">\n\t\t\t\t<div class=\"elementor-widget-container\">\n\t\t\t\t\t\t\t<div class=\"elementor-spacer\">\n\t\t\t<div class=\"elementor-spacer-inner\"><\/div>\n\t\t<\/div>\n\t\t\t\t\t\t<\/div>\n\t\t\t\t<\/div>\n\t\t\t\t<div class=\"elementor-element elementor-element-b52af87 elementor-widget elementor-widget-image\" data-id=\"b52af87\" data-element_type=\"widget\" data-e-type=\"widget\" data-widget_type=\"image.default\">\n\t\t\t\t<div class=\"elementor-widget-container\">\n\t\t\t\t\t\t\t\t\t\t\t\t\t\t\t<img loading=\"lazy\" decoding=\"async\" width=\"1563\" height=\"1563\" src=\"https:\/\/luisaalemanycoach.com\/wp-content\/uploads\/2024\/10\/Luisa-ALEMANY.png\" class=\"attachment-full size-full wp-image-878\" alt=\"\" srcset=\"https:\/\/luisaalemanycoach.com\/wp-content\/uploads\/2024\/10\/Luisa-ALEMANY.png 1563w, https:\/\/luisaalemanycoach.com\/wp-content\/uploads\/2024\/10\/Luisa-ALEMANY-300x300.png 300w, https:\/\/luisaalemanycoach.com\/wp-content\/uploads\/2024\/10\/Luisa-ALEMANY-1024x1024.png 1024w, https:\/\/luisaalemanycoach.com\/wp-content\/uploads\/2024\/10\/Luisa-ALEMANY-150x150.png 150w, https:\/\/luisaalemanycoach.com\/wp-content\/uploads\/2024\/10\/Luisa-ALEMANY-768x768.png 768w, https:\/\/luisaalemanycoach.com\/wp-content\/uploads\/2024\/10\/Luisa-ALEMANY-1536x1536.png 1536w, https:\/\/luisaalemanycoach.com\/wp-content\/uploads\/2024\/10\/Luisa-ALEMANY-12x12.png 12w\" sizes=\"(max-width: 1563px) 100vw, 1563px\" \/>\t\t\t\t\t\t\t\t\t\t\t\t\t\t\t<\/div>\n\t\t\t\t<\/div>\n\t\t\t\t<\/div>\n\t\t<div class=\"elementor-element elementor-element-91cfc15 e-con-full e-flex e-con e-child\" data-id=\"91cfc15\" data-element_type=\"container\" data-e-type=\"container\">\n\t\t\t\t<div class=\"elementor-element elementor-element-03ff983 elementor-widget elementor-widget-heading\" data-id=\"03ff983\" data-element_type=\"widget\" data-e-type=\"widget\" data-widget_type=\"heading.default\">\n\t\t\t\t<div class=\"elementor-widget-container\">\n\t\t\t\t\t<h3 class=\"elementor-heading-title elementor-size-default\">Mi historia: del ajetreo corporativo al bienestar integral<\/h3>\t\t\t\t<\/div>\n\t\t\t\t<\/div>\n\t\t\t\t<div class=\"elementor-element elementor-element-50c4b7c elementor-widget elementor-widget-text-editor\" data-id=\"50c4b7c\" data-element_type=\"widget\" data-e-type=\"widget\" data-widget_type=\"text-editor.default\">\n\t\t\t\t<div class=\"elementor-widget-container\">\n\t\t\t\t\t\t\t\t\t<p><span style=\"font-weight: 400;\">Crec\u00ed en la hermosa isla de Mallorca, Espa\u00f1a, donde por primera vez desarroll\u00e9 una profunda apreciaci\u00f3n por la conexi\u00f3n entre nuestro entorno, nuestros cuerpos y nuestro bienestar general. Pas\u00e9 los primeros a\u00f1os de mi carrera en consultor\u00eda de empresas, viajando y trabajando en ciudades vibrantes como Madrid, \u00c1msterdam, Par\u00eds y Frankfurt. M\u00e1s tarde, decid\u00ed dar un giro profesional y me embarqu\u00e9 en el din\u00e1mico mundo de las startups, especializ\u00e1ndome en estrategia y transformaci\u00f3n de la industria alimentaria. Estos roles me ense\u00f1aron la importancia que tiene la resiliencia, la capacidad de adaptaci\u00f3n y el poder de la transformaci\u00f3n, tanto a nivel profesional como personal.<\/span><\/p><p><span style=\"font-weight: 400;\">A pesar de desarrollar una carrera profesional exitosa, mis propios problemas de salud se volvieron imposibles de ignorar. Luch\u00e9 contra el s\u00edndrome del intestino irritable, la fatiga cr\u00f3nica, desequilibrios hormonales y una serie de otros problemas que me hicieron sentir desconectada de mi cuerpo y completamente agotada.Este proceso personal me llev\u00f3 a una realidad crucial que iba a determinar mi vida: el bienestar verdadero va mucho m\u00e1s all\u00e1 de la medicina tradicional y las soluciones r\u00e1pidas; requiere un enfoque integral y personalizado que considere la mente, el cuerpo y el alma.<\/span><\/p><p><span style=\"font-weight: 400;\">Impulsada por esta creencia, obtuve mi certificaci\u00f3n como coach en el Instituto Mindbodygreen en EEUU, donde me sumerg\u00ed en el mundo de la salud integral. Hoy dedico mi vida a guiar a mujeres como t\u00fa a trav\u00e9s de las complejidades de la menopausia y la perimenopausia. Te proporciono los recursos y herramientas para que tomes el control de tu salud y abraces esta etapa de la vida como una poderosa oportunidad de renovaci\u00f3n y crecimiento.<\/span><\/p>\t\t\t\t\t\t\t\t<\/div>\n\t\t\t\t<\/div>\n\t\t\t\t<div class=\"elementor-element elementor-element-90f6f16 elementor-widget__width-initial elementor-absolute elementor-widget-laptop__width-initial elementor-widget elementor-widget-spacer\" data-id=\"90f6f16\" data-element_type=\"widget\" data-e-type=\"widget\" data-settings=\"{&quot;_position&quot;:&quot;absolute&quot;}\" data-widget_type=\"spacer.default\">\n\t\t\t\t<div class=\"elementor-widget-container\">\n\t\t\t\t\t\t\t<div class=\"elementor-spacer\">\n\t\t\t<div class=\"elementor-spacer-inner\"><\/div>\n\t\t<\/div>\n\t\t\t\t\t\t<\/div>\n\t\t\t\t<\/div>\n\t\t\t\t<\/div>\n\t\t\t\t\t<\/div>\n\t\t\t\t<\/div>\n\t\t<div class=\"elementor-element elementor-element-59b4b34 e-flex e-con-boxed e-con e-parent\" data-id=\"59b4b34\" data-element_type=\"container\" data-e-type=\"container\">\n\t\t\t\t\t<div class=\"e-con-inner\">\n\t\t<div class=\"elementor-element elementor-element-cf3420f e-con-full e-flex e-con e-child\" data-id=\"cf3420f\" data-element_type=\"container\" data-e-type=\"container\">\n\t\t\t\t<\/div>\n\t\t<div class=\"elementor-element elementor-element-37e7774 e-con-full e-flex e-con e-child\" data-id=\"37e7774\" data-element_type=\"container\" data-e-type=\"container\">\n\t\t\t\t<div class=\"elementor-element elementor-element-67b626c elementor-widget elementor-widget-video\" data-id=\"67b626c\" data-element_type=\"widget\" data-e-type=\"widget\" data-settings=\"{&quot;video_type&quot;:&quot;hosted&quot;,&quot;controls&quot;:&quot;yes&quot;}\" data-widget_type=\"video.default\">\n\t\t\t\t<div class=\"elementor-widget-container\">\n\t\t\t\t\t\t\t<div class=\"e-hosted-video elementor-wrapper elementor-open-inline\">\n\t\t\t\t\t<video class=\"elementor-video\" src=\"https:\/\/luisaalemanycoach.com\/wp-content\/uploads\/2025\/04\/SPANISH.mp4\" controls=\"\" preload=\"metadata\" controlslist=\"nodownload\"><\/video>\n\t\t\t\t<\/div>\n\t\t\t\t\t\t<\/div>\n\t\t\t\t<\/div>\n\t\t\t\t<\/div>\n\t\t<div class=\"elementor-element elementor-element-f585981 e-con-full e-flex e-con e-child\" data-id=\"f585981\" data-element_type=\"container\" data-e-type=\"container\">\n\t\t\t\t<\/div>\n\t\t\t\t\t<\/div>\n\t\t\t\t<\/div>\n\t\t<div class=\"elementor-element elementor-element-611b1c1 e-flex e-con-boxed e-con e-parent\" data-id=\"611b1c1\" data-element_type=\"container\" data-e-type=\"container\" data-settings=\"{&quot;background_background&quot;:&quot;classic&quot;}\">\n\t\t\t\t\t<div class=\"e-con-inner\">\n\t\t<div class=\"elementor-element elementor-element-4a82109 e-con-full e-flex e-con e-child\" data-id=\"4a82109\" data-element_type=\"container\" data-e-type=\"container\">\n\t\t\t\t<div class=\"elementor-element elementor-element-6e8d388 elementor-widget elementor-widget-heading\" data-id=\"6e8d388\" data-element_type=\"widget\" data-e-type=\"widget\" data-widget_type=\"heading.default\">\n\t\t\t\t<div class=\"elementor-widget-container\">\n\t\t\t\t\t<h3 class=\"elementor-heading-title elementor-size-default\">\u00bfEst\u00e1s lista para el cambio?<\/h3>\t\t\t\t<\/div>\n\t\t\t\t<\/div>\n\t\t\t\t<div class=\"elementor-element elementor-element-7b42b89 elementor-widget__width-inherit elementor-align-center elementor-invisible elementor-widget elementor-widget-button\" data-id=\"7b42b89\" data-element_type=\"widget\" data-e-type=\"widget\" data-settings=\"{&quot;_animation&quot;:&quot;fadeInUp&quot;,&quot;_animation_delay&quot;:&quot;600&quot;}\" data-widget_type=\"button.default\">\n\t\t\t\t<div class=\"elementor-widget-container\">\n\t\t\t\t\t\t\t\t\t<div class=\"elementor-button-wrapper\">\n\t\t\t\t\t<a class=\"elementor-button elementor-button-link elementor-size-sm\" href=\"https:\/\/luisaalemanycoach.com\/es\/contact\/\">\n\t\t\t\t\t\t<span class=\"elementor-button-content-wrapper\">\n\t\t\t\t\t\t\t\t\t<span class=\"elementor-button-text\">\u00a1Empecemos!<\/span>\n\t\t\t\t\t<\/span>\n\t\t\t\t\t<\/a>\n\t\t\t\t<\/div>\n\t\t\t\t\t\t\t\t<\/div>\n\t\t\t\t<\/div>\n\t\t\t\t<div class=\"elementor-element elementor-element-c37133c elementor-shape-circle elementor-widget__width-inherit elementor-grid-0 e-grid-align-center elementor-widget elementor-widget-social-icons\" data-id=\"c37133c\" data-element_type=\"widget\" data-e-type=\"widget\" data-widget_type=\"social-icons.default\">\n\t\t\t\t<div class=\"elementor-widget-container\">\n\t\t\t\t\t\t\t<div class=\"elementor-social-icons-wrapper elementor-grid\" role=\"list\">\n\t\t\t\t\t\t\t<span class=\"elementor-grid-item\" role=\"listitem\">\n\t\t\t\t\t<a class=\"elementor-icon elementor-social-icon elementor-social-icon-linkedin elementor-repeater-item-57326f7\" href=\"https:\/\/www.linkedin.com\/in\/luisa-alemany-bonet-2557157a\/\" target=\"_blank\">\n\t\t\t\t\t\t<span class=\"elementor-screen-only\">Linkedin<\/span>\n\t\t\t\t\t\t<svg aria-hidden=\"true\" class=\"e-font-icon-svg e-fab-linkedin\" viewbox=\"0 0 448 512\" xmlns=\"http:\/\/www.w3.org\/2000\/svg\"><path d=\"M416 32H31.9C14.3 32 0 46.5 0 64.3v383.4C0 465.5 14.3 480 31.9 480H416c17.6 0 32-14.5 32-32.3V64.3c0-17.8-14.4-32.3-32-32.3zM135.4 416H69V202.2h66.5V416zm-33.2-243c-21.3 0-38.5-17.3-38.5-38.5S80.9 96 102.2 96c21.2 0 38.5 17.3 38.5 38.5 0 21.3-17.2 38.5-38.5 38.5zm282.1 243h-66.4V312c0-24.8-.5-56.7-34.5-56.7-34.6 0-39.9 27-39.9 54.9V416h-66.4V202.2h63.7v29.2h.9c8.9-16.8 30.6-34.5 62.9-34.5 67.2 0 79.7 44.3 79.7 101.9V416z\"><\/path><\/svg>\t\t\t\t\t<\/a>\n\t\t\t\t<\/span>\n\t\t\t\t\t\t\t<span class=\"elementor-grid-item\" role=\"listitem\">\n\t\t\t\t\t<a class=\"elementor-icon elementor-social-icon elementor-social-icon-instagram elementor-repeater-item-c188eea\" href=\"https:\/\/www.instagram.com\/luisaalemanycoach\/\" target=\"_blank\">\n\t\t\t\t\t\t<span class=\"elementor-screen-only\">Instagram<\/span>\n\t\t\t\t\t\t<svg aria-hidden=\"true\" class=\"e-font-icon-svg e-fab-instagram\" viewbox=\"0 0 448 512\" xmlns=\"http:\/\/www.w3.org\/2000\/svg\"><path d=\"M224.1 141c-63.6 0-114.9 51.3-114.9 114.9s51.3 114.9 114.9 114.9S339 319.5 339 255.9 287.7 141 224.1 141zm0 189.6c-41.1 0-74.7-33.5-74.7-74.7s33.5-74.7 74.7-74.7 74.7 33.5 74.7 74.7-33.6 74.7-74.7 74.7zm146.4-194.3c0 14.9-12 26.8-26.8 26.8-14.9 0-26.8-12-26.8-26.8s12-26.8 26.8-26.8 26.8 12 26.8 26.8zm76.1 27.2c-1.7-35.9-9.9-67.7-36.2-93.9-26.2-26.2-58-34.4-93.9-36.2-37-2.1-147.9-2.1-184.9 0-35.8 1.7-67.6 9.9-93.9 36.1s-34.4 58-36.2 93.9c-2.1 37-2.1 147.9 0 184.9 1.7 35.9 9.9 67.7 36.2 93.9s58 34.4 93.9 36.2c37 2.1 147.9 2.1 184.9 0 35.9-1.7 67.7-9.9 93.9-36.2 26.2-26.2 34.4-58 36.2-93.9 2.1-37 2.1-147.8 0-184.8zM398.8 388c-7.8 19.6-22.9 34.7-42.6 42.6-29.5 11.7-99.5 9-132.1 9s-102.7 2.6-132.1-9c-19.6-7.8-34.7-22.9-42.6-42.6-11.7-29.5-9-99.5-9-132.1s-2.6-102.7 9-132.1c7.8-19.6 22.9-34.7 42.6-42.6 29.5-11.7 99.5-9 132.1-9s102.7-2.6 132.1 9c19.6 7.8 34.7 22.9 42.6 42.6 11.7 29.5 9 99.5 9 132.1s2.7 102.7-9 132.1z\"><\/path><\/svg>\t\t\t\t\t<\/a>\n\t\t\t\t<\/span>\n\t\t\t\t\t\t\t<span class=\"elementor-grid-item\" role=\"listitem\">\n\t\t\t\t\t<a class=\"elementor-icon elementor-social-icon elementor-social-icon-envelope elementor-repeater-item-c2a3f2e\" href=\"mailto:luisaalemanycoach@gmail.com\" target=\"_blank\">\n\t\t\t\t\t\t<span class=\"elementor-screen-only\">Envelope<\/span>\n\t\t\t\t\t\t<svg aria-hidden=\"true\" class=\"e-font-icon-svg e-fas-envelope\" viewbox=\"0 0 512 512\" xmlns=\"http:\/\/www.w3.org\/2000\/svg\"><path d=\"M502.3 190.8c3.9-3.1 9.7-.2 9.7 4.7V400c0 26.5-21.5 48-48 48H48c-26.5 0-48-21.5-48-48V195.6c0-5 5.7-7.8 9.7-4.7 22.4 17.4 52.1 39.5 154.1 113.6 21.1 15.4 56.7 47.8 92.2 47.6 35.7.3 72-32.8 92.3-47.6 102-74.1 131.6-96.3 154-113.7zM256 320c23.2.4 56.6-29.2 73.4-41.4 132.7-96.3 142.8-104.7 173.4-128.7 5.8-4.5 9.2-11.5 9.2-18.9v-19c0-26.5-21.5-48-48-48H48C21.5 64 0 85.5 0 112v19c0 7.4 3.4 14.3 9.2 18.9 30.6 23.9 40.7 32.4 173.4 128.7 16.8 12.2 50.2 41.8 73.4 41.4z\"><\/path><\/svg>\t\t\t\t\t<\/a>\n\t\t\t\t<\/span>\n\t\t\t\t\t<\/div>\n\t\t\t\t\t\t<\/div>\n\t\t\t\t<\/div>\n\t\t\t\t<div class=\"elementor-element elementor-element-5e1a58f elementor-widget elementor-widget-text-editor\" data-id=\"5e1a58f\" data-element_type=\"widget\" data-e-type=\"widget\" data-widget_type=\"text-editor.default\">\n\t\t\t\t<div class=\"elementor-widget-container\">\n\t\t\t\t\t\t\t\t\t<p>S\u00e9 lo dif\u00edcil que puede ser retomar el control de tu salud y bienestar pero el esfuerzo vale la pena. Mi papel est\u00e1 en guiarte y proporcionarte las herramientas para conseguirlo. <br>\u00bfEst\u00e1s lista para transformar tu vida y sentirte mejor que nunca?<br>\u00a1Empecemos!<\/p>\t\t\t\t\t\t\t\t<\/div>\n\t\t\t\t<\/div>\n\t\t\t\t<\/div>\n\t\t\t\t\t<\/div>\n\t\t\t\t<\/div>\n\t\t\t\t<\/div>","protected":false},"excerpt":{"rendered":"<p>Meet Luisa Alemany I am a certified Integrative Health and Wellness Coach specialized in Menopause and Perimenopause. My mission: Empowering [&hellip;]<\/p>\n","protected":false},"author":2,"featured_media":0,"parent":0,"menu_order":0,"comment_status":"closed","ping_status":"closed","template":"","meta":{"nf_dc_page":"","site-sidebar-layout":"no-sidebar","site-content-layout":"","ast-site-content-layout":"full-width-container","site-content-style":"default","site-sidebar-style":"default","ast-global-header-display":"","ast-banner-title-visibility":"","ast-main-header-display":"","ast-hfb-above-header-display":"","ast-hfb-below-header-display":"","ast-hfb-mobile-header-display":"","site-post-title":"disabled","ast-breadcrumbs-content":"","ast-featured-img":"disabled","footer-sml-layout":"","ast-disable-related-posts":"","theme-transparent-header-meta":"","adv-header-id-meta":"","stick-header-meta":"","header-above-stick-meta":"","header-main-stick-meta":"","header-below-stick-meta":"","astra-migrate-meta-layouts":"default","ast-page-background-enabled":"default","ast-page-background-meta":{"desktop":{"background-color":"var(--ast-global-color-4)","background-image":"","background-repeat":"repeat","background-position":"center center","background-size":"auto","background-attachment":"scroll","background-type":"","background-media":"","overlay-type":"","overlay-color":"","overlay-opacity":"","overlay-gradient":""},"tablet":{"background-color":"","background-image":"","background-repeat":"repeat","background-position":"center center","background-size":"auto","background-attachment":"scroll","background-type":"","background-media":"","overlay-type":"","overlay-color":"","overlay-opacity":"","overlay-gradient":""},"mobile":{"background-color":"","background-image":"","background-repeat":"repeat","background-position":"center center","background-size":"auto","background-attachment":"scroll","background-type":"","background-media":"","overlay-type":"","overlay-color":"","overlay-opacity":"","overlay-gradient":""}},"ast-content-background-meta":{"desktop":{"background-color":"var(--ast-global-color-5)","background-image":"","background-repeat":"repeat","background-position":"center center","background-size":"auto","background-attachment":"scroll","background-type":"","background-media":"","overlay-type":"","overlay-color":"","overlay-opacity":"","overlay-gradient":""},"tablet":{"background-color":"var(--ast-global-color-5)","background-image":"","background-repeat":"repeat","background-position":"center center","background-size":"auto","background-attachment":"scroll","background-type":"","background-media":"","overlay-type":"","overlay-color":"","overlay-opacity":"","overlay-gradient":""},"mobile":{"background-color":"var(--ast-global-color-5)","background-image":"","background-repeat":"repeat","background-position":"center center","background-size":"auto","background-attachment":"scroll","background-type":"","background-media":"","overlay-type":"","overlay-color":"","overlay-opacity":"","overlay-gradient":""}},"footnotes":""},"class_list":["post-142","page","type-page","status-publish","hentry"],"_links":{"self":[{"href":"https:\/\/luisaalemanycoach.com\/es\/wp-json\/wp\/v2\/pages\/142","targetHints":{"allow":["GET"]}}],"collection":[{"href":"https:\/\/luisaalemanycoach.com\/es\/wp-json\/wp\/v2\/pages"}],"about":[{"href":"https:\/\/luisaalemanycoach.com\/es\/wp-json\/wp\/v2\/types\/page"}],"author":[{"embeddable":true,"href":"https:\/\/luisaalemanycoach.com\/es\/wp-json\/wp\/v2\/users\/2"}],"replies":[{"embeddable":true,"href":"https:\/\/luisaalemanycoach.com\/es\/wp-json\/wp\/v2\/comments?post=142"}],"version-history":[{"count":20,"href":"https:\/\/luisaalemanycoach.com\/es\/wp-json\/wp\/v2\/pages\/142\/revisions"}],"predecessor-version":[{"id":1308,"href":"https:\/\/luisaalemanycoach.com\/es\/wp-json\/wp\/v2\/pages\/142\/revisions\/1308"}],"wp:attachment":[{"href":"https:\/\/luisaalemanycoach.com\/es\/wp-json\/wp\/v2\/media?parent=142"}],"curies":[{"name":"wp","href":"https:\/\/api.w.org\/{rel}","templated":true}]}}